{"id":1151,"date":"2022-08-08T23:55:11","date_gmt":"2022-08-09T04:55:11","guid":{"rendered":"https:\/\/tenisalpormayormedellin.com\/?page_id=1151"},"modified":"2022-08-09T00:04:00","modified_gmt":"2022-08-09T05:04:00","slug":"tenis-al-por-mayor-colombia","status":"publish","type":"page","link":"https:\/\/tenisalpormayormedellin.com\/index.php\/tenis-al-por-mayor-colombia\/","title":{"rendered":"Venta de tenis al por mayor Colombia."},"content":{"rendered":"\n<p>Distribuimos todas las marcas, referencias, modelos, colores y tallas en tenis. Realizamos env\u00edo a toda Colombia y tenemos diferentes paquetes y precios que se ajustan a las necesidades de tu negocio al por mayor o al detal.<\/p>\n\n\n<div class=\"wp-block-image\">\n<figure class=\"alignleft\"><img decoding=\"async\" loading=\"lazy\" width=\"150\" height=\"150\" src=\"http:\/\/tenisalpormayormedellin.com\/wp-content\/uploads\/2016\/10\/B47C3A59-C356-4FF7-8E7D-114B93613C36-150x150.jpg\" alt=\"Ventas de tenis al por mayor Colombia\" class=\"wp-image-53\" srcset=\"https:\/\/tenisalpormayormedellin.com\/wp-content\/uploads\/2016\/10\/B47C3A59-C356-4FF7-8E7D-114B93613C36-150x150.jpg 150w, https:\/\/tenisalpormayormedellin.com\/wp-content\/uploads\/2016\/10\/B47C3A59-C356-4FF7-8E7D-114B93613C36-300x300.jpg 300w, https:\/\/tenisalpormayormedellin.com\/wp-content\/uploads\/2016\/10\/B47C3A59-C356-4FF7-8E7D-114B93613C36-768x768.jpg 768w, https:\/\/tenisalpormayormedellin.com\/wp-content\/uploads\/2016\/10\/B47C3A59-C356-4FF7-8E7D-114B93613C36-1024x1024.jpg 1024w, https:\/\/tenisalpormayormedellin.com\/wp-content\/uploads\/2016\/10\/B47C3A59-C356-4FF7-8E7D-114B93613C36-75x75.jpg 75w, https:\/\/tenisalpormayormedellin.com\/wp-content\/uploads\/2016\/10\/B47C3A59-C356-4FF7-8E7D-114B93613C36.jpg 1080w\" sizes=\"(max-width: 150px) 100vw, 150px\" \/><\/figure><\/div>\n\n<div class=\"wp-block-image\">\n<figure class=\"alignleft\"><img decoding=\"async\" loading=\"lazy\" width=\"150\" height=\"150\" src=\"http:\/\/tenisalpormayormedellin.com\/wp-content\/uploads\/2016\/10\/DB16E852-C8BD-449B-8611-8EE40CC6AC51-copia-150x150.jpg\" alt=\"Ventas de tenis al por mayor Colombia\" class=\"wp-image-54\" srcset=\"https:\/\/tenisalpormayormedellin.com\/wp-content\/uploads\/2016\/10\/DB16E852-C8BD-449B-8611-8EE40CC6AC51-copia-150x150.jpg 150w, https:\/\/tenisalpormayormedellin.com\/wp-content\/uploads\/2016\/10\/DB16E852-C8BD-449B-8611-8EE40CC6AC51-copia-300x300.jpg 300w, https:\/\/tenisalpormayormedellin.com\/wp-content\/uploads\/2016\/10\/DB16E852-C8BD-449B-8611-8EE40CC6AC51-copia-768x768.jpg 768w, https:\/\/tenisalpormayormedellin.com\/wp-content\/uploads\/2016\/10\/DB16E852-C8BD-449B-8611-8EE40CC6AC51-copia-1024x1024.jpg 1024w, https:\/\/tenisalpormayormedellin.com\/wp-content\/uploads\/2016\/10\/DB16E852-C8BD-449B-8611-8EE40CC6AC51-copia-75x75.jpg 75w, https:\/\/tenisalpormayormedellin.com\/wp-content\/uploads\/2016\/10\/DB16E852-C8BD-449B-8611-8EE40CC6AC51-copia.jpg 1080w\" sizes=\"(max-width: 150px) 100vw, 150px\" \/><\/figure><\/div>\n\n<div class=\"wp-block-image\">\n<figure class=\"alignleft\"><img decoding=\"async\" loading=\"lazy\" width=\"150\" height=\"150\" src=\"http:\/\/tenisalpormayormedellin.com\/wp-content\/uploads\/2016\/10\/DB16E852-C8BD-449B-8611-8EE40CC6AC51-150x150.jpg\" alt=\"Ventas de tenis al por mayor Colombia\" class=\"wp-image-55\" srcset=\"https:\/\/tenisalpormayormedellin.com\/wp-content\/uploads\/2016\/10\/DB16E852-C8BD-449B-8611-8EE40CC6AC51-150x150.jpg 150w, https:\/\/tenisalpormayormedellin.com\/wp-content\/uploads\/2016\/10\/DB16E852-C8BD-449B-8611-8EE40CC6AC51-300x300.jpg 300w, https:\/\/tenisalpormayormedellin.com\/wp-content\/uploads\/2016\/10\/DB16E852-C8BD-449B-8611-8EE40CC6AC51-768x768.jpg 768w, https:\/\/tenisalpormayormedellin.com\/wp-content\/uploads\/2016\/10\/DB16E852-C8BD-449B-8611-8EE40CC6AC51-1024x1024.jpg 1024w, https:\/\/tenisalpormayormedellin.com\/wp-content\/uploads\/2016\/10\/DB16E852-C8BD-449B-8611-8EE40CC6AC51-75x75.jpg 75w, https:\/\/tenisalpormayormedellin.com\/wp-content\/uploads\/2016\/10\/DB16E852-C8BD-449B-8611-8EE40CC6AC51.jpg 1080w\" sizes=\"(max-width: 150px) 100vw, 150px\" \/><\/figure><\/div>\n\n\n<figure class=\"wp-block-image is-resized\"><img decoding=\"async\" loading=\"lazy\" src=\"http:\/\/tenisalpormayormedellin.com\/wp-content\/uploads\/2016\/10\/E2E78C29-3D61-40CA-B5DF-ADA3B879F1D4-150x150.jpg\" alt=\"Ventas de tenis al por mayor Colombia\" class=\"wp-image-56\" width=\"157\" height=\"157\" srcset=\"https:\/\/tenisalpormayormedellin.com\/wp-content\/uploads\/2016\/10\/E2E78C29-3D61-40CA-B5DF-ADA3B879F1D4-150x150.jpg 150w, https:\/\/tenisalpormayormedellin.com\/wp-content\/uploads\/2016\/10\/E2E78C29-3D61-40CA-B5DF-ADA3B879F1D4-300x300.jpg 300w, https:\/\/tenisalpormayormedellin.com\/wp-content\/uploads\/2016\/10\/E2E78C29-3D61-40CA-B5DF-ADA3B879F1D4-768x768.jpg 768w, https:\/\/tenisalpormayormedellin.com\/wp-content\/uploads\/2016\/10\/E2E78C29-3D61-40CA-B5DF-ADA3B879F1D4-1024x1024.jpg 1024w, https:\/\/tenisalpormayormedellin.com\/wp-content\/uploads\/2016\/10\/E2E78C29-3D61-40CA-B5DF-ADA3B879F1D4-75x75.jpg 75w, https:\/\/tenisalpormayormedellin.com\/wp-content\/uploads\/2016\/10\/E2E78C29-3D61-40CA-B5DF-ADA3B879F1D4.jpg 1080w\" sizes=\"(max-width: 157px) 100vw, 157px\" \/><\/figure>\n\n\n\n<p><\/p>\n\n\n\n<p><a href=\"https:\/\/tenisalpormayormedellin.com\">Venta de Tenis al por mayor<\/a> <\/p>\n\n\n\n<p>Venta de tenis al por mayor Colombia de todas las marcas: Nike, Adidas, Sketchers, Puma, Fila, Reebok, Diesel, Onitzuka, Converse, Jord\u00e1n, Rockland, Lacoste,&nbsp;le coq sportif, Under armour, Michael kors, Guess, Nike, Tommy. Entre otros&nbsp;<strong>tenis de moda<\/strong>.<\/p>\n\n\n\n<p>Pasto, Popay\u00e1n, Cali, Manizales, Pereira, Armenia, Bogot\u00e1, Quibd\u00f3, Barranquilla, Cartagena, C\u00facuta, Bucaramanga, Valledupar, Santa Marta, Neiva, Ipiales, Tumaco, Mocoa, Barracabermeja, Tulu\u00e1, Mit\u00fa.<\/p>\n\n\n\n<hr class=\"wp-block-separator has-alpha-channel-opacity\"\/>\n\n\n\n<p>Para una mejor accesoria cont\u00e1ctanos:<\/p>\n\n\n\n<p><strong>Tel\u00e9fono<\/strong>: 3023952675<br><strong>WhatsApp<\/strong>: <a href=\"https:\/\/api.whatsapp.com\/send\/?phone=573023952675\" target=\"_blank\" rel=\"noreferrer noopener\">3023952675<\/a> (Clic para abrir WhatsApp)<\/p>\n\n\n\n<p>Venta de tenis al por mayor Colombia<\/p>\n\n\n\n<p><strong><code>\n\n<div\n\t\tclass=\"pirate_forms_container widget-no\"\n\t\tid=\"pirate_forms_container_default\">\n\t<!-- header -->\n\t\n\t<!-- thank you -->\n\t\n\t<div class=\"pirate_forms_wrap\">\n\t\t<!-- errors -->\n\t\t\n\t\t<!-- form -->\n\t\t\n\t\t<form\n\t\t\t\tmethod=\"post\"\n\t\t\t\tenctype=\"application\/x-www-form-urlencoded\"\n\t\t\t\tclass=\"pirate_forms  form_honeypot-on wordpress-nonce-on pirate-forms-contact-name-on pirate-forms-contact-email-on pirate-forms-contact-subject-on pirate-forms-contact-message-on pirate-forms-contact-submit-on pirate_forms_from_form-on\"\n\t\t\t\t\t>\n\t\t\t<div class=\"pirate_forms_three_inputs_wrap \">\n\t\t\t\t\n\n<div class=\"col-xs-12 pirate_forms_three_inputs form_field_wrap contact_name_wrap col-xs-12 col-sm-6 contact_name_wrap pirate_forms_three_inputs form_field_wrap\">\n\t\t<input\n\t\t\ttype=\"text\"\n\t\t\tclass=\"form-control\" id=\"pirate-forms-contact-name\" name=\"pirate-forms-contact-name\" class=\"\" placeholder=\"Nombre\" required oninvalid=\"this.setCustomValidity('Escriba su nombre')\" onchange=\"this.setCustomValidity('')\" value=\"\" >\n<\/div>\n\n\n<div class=\"col-xs-12 pirate_forms_three_inputs form_field_wrap contact_email_wrap col-xs-12 col-sm-6 contact_email_wrap pirate_forms_three_inputs form_field_wrap\">\n\t\t<input type=\"email\" class=\"form-control\" id=\"pirate-forms-contact-email\" name=\"pirate-forms-contact-email\" class=\"\" placeholder=\"Correo electr\u00f3nico\" required oninvalid=\"this.setCustomValidity('Escriba un correo electr\u00f3nico v\u00e1lido')\" onchange=\"this.setCustomValidity('')\" value=\"\">\n<\/div>\n\n\n<div class=\"col-xs-12 pirate_forms_three_inputs form_field_wrap contact_subject_wrap col-xs-12 contact_subject_wrap pirate_forms_three_inputs form_field_wrap\">\n\t\t<input\n\t\t\ttype=\"text\"\n\t\t\tclass=\"form-control\" id=\"pirate-forms-contact-subject\" name=\"pirate-forms-contact-subject\" class=\"\" placeholder=\"Asunto\" required oninvalid=\"this.setCustomValidity('Por favor, escriba un asunto')\" onchange=\"this.setCustomValidity('')\" value=\"\" >\n<\/div>\n\t\t\t<\/div>\n\n\t\t\t\n\n<div class=\"col-xs-12 form_field_wrap contact_message_wrap col-xs-12 contact_message_wrap pirate_forms_three_inputs form_field_wrap\">\n\t\t<textarea\n\t\t\trows=\"5\" cols=\"30\"\n\t\t\tclass=\"form-control\" id=\"pirate-forms-contact-message\" name=\"pirate-forms-contact-message\" class=\"\" placeholder=\"Mensaje\" required oninvalid=\"this.setCustomValidity('Escriba su pregunta o comentario')\" onchange=\"this.setCustomValidity('')\" ><\/textarea>\n<\/div>\n\n\n<div class=\"col-xs-12 form_field_wrap contact_submit_wrap\">\n\t<button type=\"submit\" class=\"pirate-forms-submit-button btn btn-primary \" id=\"pirate-forms-contact-submit\" name=\"pirate-forms-contact-submit\" class=\"pirate-forms-submit-button btn btn-primary \" placeholder=\"\" >Enviar Mensaje<\/button>\n<\/div>\n<input type=\"hidden\" id=\"pirate_forms_ajax\" name=\"pirate_forms_ajax\" class=\"\" placeholder=\"\"  value=\"0\"><div class=\"form_field_wrap hidden\" style=\"display: none\"><input type=\"text\" id=\"form_honeypot\" name=\"honeypot\" class=\"\" placeholder=\"\"  value=\"\"><\/div><input type=\"hidden\" id=\"pirate_forms_from_widget\" name=\"pirate_forms_from_widget\" class=\"\" placeholder=\"\"  value=\"0\"><input type=\"hidden\" id=\"wordpress-nonce\" name=\"wordpress-nonce\" class=\"\" placeholder=\"\"  value=\"2a44e32f2c\"><input type=\"hidden\" id=\"pirate_forms_from_form\" name=\"pirate_forms_from_form\" class=\"\" placeholder=\"\"  value=\"a548c366d0\">\t\t<\/form>\n\n\t\t\n\t\t<div class=\"pirate_forms_clearfix\"><\/div>\n\t<\/div>\n\n\t<!-- footer -->\n\t<\/div>\n<\/code><\/strong><\/p>\n","protected":false},"excerpt":{"rendered":"<p>Distribuimos todas las marcas, referencias, modelos, colores y tallas en tenis. Realizamos env\u00edo a toda Colombia y tenemos diferentes paquetes y precios que se ajustan a las necesidades de tu negocio al por mayor o al detal. Venta de Tenis al por mayor Venta de tenis al por mayor Colombia de todas las marcas: Nike, [&hellip;]<\/p>\n","protected":false},"author":1,"featured_media":1037,"parent":0,"menu_order":0,"comment_status":"closed","ping_status":"closed","template":"","meta":{"footnotes":""},"yoast_head":"<!-- This site is optimized with the Yoast SEO plugin v20.13 - https:\/\/yoast.com\/wordpress\/plugins\/seo\/ -->\n<title>Venta de tenis al por mayor Colombia. -<\/title>\n<meta name=\"description\" content=\"Venta de tenis al por mayor Colombia. Env\u00edo a todo el pa\u00eds con los mejores precios del mercado. Pasto, C\u00facuta, Bucaramanga, Bogot\u00e1\" \/>\n<meta name=\"robots\" content=\"index, follow, max-snippet:-1, max-image-preview:large, max-video-preview:-1\" \/>\n<link rel=\"canonical\" href=\"https:\/\/tenisalpormayormedellin.com\/index.php\/tenis-al-por-mayor-colombia\/\" \/>\n<meta property=\"og:locale\" content=\"es_ES\" \/>\n<meta property=\"og:type\" content=\"article\" \/>\n<meta property=\"og:title\" content=\"Venta de tenis al por mayor Colombia. -\" \/>\n<meta property=\"og:description\" content=\"Venta de tenis al por mayor Colombia. Env\u00edo a todo el pa\u00eds con los mejores precios del mercado. Pasto, C\u00facuta, Bucaramanga, Bogot\u00e1\" \/>\n<meta property=\"og:url\" content=\"https:\/\/tenisalpormayormedellin.com\/index.php\/tenis-al-por-mayor-colombia\/\" \/>\n<meta property=\"og:site_name\" content=\"Tenis al por mayor Medellin\" \/>\n<meta property=\"article:modified_time\" content=\"2022-08-09T05:04:00+00:00\" \/>\n<meta property=\"og:image\" content=\"http:\/\/tenisalpormayormedellin.com\/wp-content\/uploads\/2021\/02\/IMG-20210220-WA0035.jpg\" \/>\n\t<meta property=\"og:image:width\" content=\"801\" \/>\n\t<meta property=\"og:image:height\" content=\"797\" \/>\n\t<meta property=\"og:image:type\" content=\"image\/jpeg\" \/>\n<meta name=\"twitter:card\" content=\"summary_large_image\" \/>\n<meta name=\"twitter:label1\" content=\"Tiempo de lectura\" \/>\n\t<meta name=\"twitter:data1\" content=\"2 minutos\" \/>\n<script type=\"application\/ld+json\" class=\"yoast-schema-graph\">{\"@context\":\"https:\/\/schema.org\",\"@graph\":[{\"@type\":\"WebPage\",\"@id\":\"https:\/\/tenisalpormayormedellin.com\/index.php\/tenis-al-por-mayor-colombia\/\",\"url\":\"https:\/\/tenisalpormayormedellin.com\/index.php\/tenis-al-por-mayor-colombia\/\",\"name\":\"Venta de tenis al por mayor Colombia. -\",\"isPartOf\":{\"@id\":\"https:\/\/tenisalpormayormedellin.com\/#website\"},\"datePublished\":\"2022-08-09T04:55:11+00:00\",\"dateModified\":\"2022-08-09T05:04:00+00:00\",\"description\":\"Venta de tenis al por mayor Colombia. Env\u00edo a todo el pa\u00eds con los mejores precios del mercado. Pasto, C\u00facuta, Bucaramanga, Bogot\u00e1\",\"breadcrumb\":{\"@id\":\"https:\/\/tenisalpormayormedellin.com\/index.php\/tenis-al-por-mayor-colombia\/#breadcrumb\"},\"inLanguage\":\"es\",\"potentialAction\":[{\"@type\":\"ReadAction\",\"target\":[\"https:\/\/tenisalpormayormedellin.com\/index.php\/tenis-al-por-mayor-colombia\/\"]}]},{\"@type\":\"BreadcrumbList\",\"@id\":\"https:\/\/tenisalpormayormedellin.com\/index.php\/tenis-al-por-mayor-colombia\/#breadcrumb\",\"itemListElement\":[{\"@type\":\"ListItem\",\"position\":1,\"name\":\"Portada\",\"item\":\"https:\/\/tenisalpormayormedellin.com\/\"},{\"@type\":\"ListItem\",\"position\":2,\"name\":\"Venta de tenis al por mayor Colombia.\"}]},{\"@type\":\"WebSite\",\"@id\":\"https:\/\/tenisalpormayormedellin.com\/#website\",\"url\":\"https:\/\/tenisalpormayormedellin.com\/\",\"name\":\"Tenis al por mayor Medellin\",\"description\":\"Ventas de tenis al por mayor Medellin -  Tenis Multimarca - Envios a todo el pais (Colombia) - Tenis al por mayor Medellin - Lo mejor del calzado en Colombia \u2013 Tenis Baratos Medellin - Envio inmediato a nivel nacional.\",\"potentialAction\":[{\"@type\":\"SearchAction\",\"target\":{\"@type\":\"EntryPoint\",\"urlTemplate\":\"https:\/\/tenisalpormayormedellin.com\/?s={search_term_string}\"},\"query-input\":\"required name=search_term_string\"}],\"inLanguage\":\"es\"}]}<\/script>\n<!-- \/ Yoast SEO plugin. -->","yoast_head_json":{"title":"Venta de tenis al por mayor Colombia. -","description":"Venta de tenis al por mayor Colombia. Env\u00edo a todo el pa\u00eds con los mejores precios del mercado. Pasto, C\u00facuta, Bucaramanga, Bogot\u00e1","robots":{"index":"index","follow":"follow","max-snippet":"max-snippet:-1","max-image-preview":"max-image-preview:large","max-video-preview":"max-video-preview:-1"},"canonical":"https:\/\/tenisalpormayormedellin.com\/index.php\/tenis-al-por-mayor-colombia\/","og_locale":"es_ES","og_type":"article","og_title":"Venta de tenis al por mayor Colombia. -","og_description":"Venta de tenis al por mayor Colombia. Env\u00edo a todo el pa\u00eds con los mejores precios del mercado. Pasto, C\u00facuta, Bucaramanga, Bogot\u00e1","og_url":"https:\/\/tenisalpormayormedellin.com\/index.php\/tenis-al-por-mayor-colombia\/","og_site_name":"Tenis al por mayor Medellin","article_modified_time":"2022-08-09T05:04:00+00:00","og_image":[{"width":801,"height":797,"url":"http:\/\/tenisalpormayormedellin.com\/wp-content\/uploads\/2021\/02\/IMG-20210220-WA0035.jpg","type":"image\/jpeg"}],"twitter_card":"summary_large_image","twitter_misc":{"Tiempo de lectura":"2 minutos"},"schema":{"@context":"https:\/\/schema.org","@graph":[{"@type":"WebPage","@id":"https:\/\/tenisalpormayormedellin.com\/index.php\/tenis-al-por-mayor-colombia\/","url":"https:\/\/tenisalpormayormedellin.com\/index.php\/tenis-al-por-mayor-colombia\/","name":"Venta de tenis al por mayor Colombia. -","isPartOf":{"@id":"https:\/\/tenisalpormayormedellin.com\/#website"},"datePublished":"2022-08-09T04:55:11+00:00","dateModified":"2022-08-09T05:04:00+00:00","description":"Venta de tenis al por mayor Colombia. Env\u00edo a todo el pa\u00eds con los mejores precios del mercado. Pasto, C\u00facuta, Bucaramanga, Bogot\u00e1","breadcrumb":{"@id":"https:\/\/tenisalpormayormedellin.com\/index.php\/tenis-al-por-mayor-colombia\/#breadcrumb"},"inLanguage":"es","potentialAction":[{"@type":"ReadAction","target":["https:\/\/tenisalpormayormedellin.com\/index.php\/tenis-al-por-mayor-colombia\/"]}]},{"@type":"BreadcrumbList","@id":"https:\/\/tenisalpormayormedellin.com\/index.php\/tenis-al-por-mayor-colombia\/#breadcrumb","itemListElement":[{"@type":"ListItem","position":1,"name":"Portada","item":"https:\/\/tenisalpormayormedellin.com\/"},{"@type":"ListItem","position":2,"name":"Venta de tenis al por mayor Colombia."}]},{"@type":"WebSite","@id":"https:\/\/tenisalpormayormedellin.com\/#website","url":"https:\/\/tenisalpormayormedellin.com\/","name":"Tenis al por mayor Medellin","description":"Ventas de tenis al por mayor Medellin -  Tenis Multimarca - Envios a todo el pais (Colombia) - Tenis al por mayor Medellin - Lo mejor del calzado en Colombia \u2013 Tenis Baratos Medellin - Envio inmediato a nivel nacional.","potentialAction":[{"@type":"SearchAction","target":{"@type":"EntryPoint","urlTemplate":"https:\/\/tenisalpormayormedellin.com\/?s={search_term_string}"},"query-input":"required name=search_term_string"}],"inLanguage":"es"}]}},"_links":{"self":[{"href":"https:\/\/tenisalpormayormedellin.com\/index.php\/wp-json\/wp\/v2\/pages\/1151"}],"collection":[{"href":"https:\/\/tenisalpormayormedellin.com\/index.php\/wp-json\/wp\/v2\/pages"}],"about":[{"href":"https:\/\/tenisalpormayormedellin.com\/index.php\/wp-json\/wp\/v2\/types\/page"}],"author":[{"embeddable":true,"href":"https:\/\/tenisalpormayormedellin.com\/index.php\/wp-json\/wp\/v2\/users\/1"}],"replies":[{"embeddable":true,"href":"https:\/\/tenisalpormayormedellin.com\/index.php\/wp-json\/wp\/v2\/comments?post=1151"}],"version-history":[{"count":3,"href":"https:\/\/tenisalpormayormedellin.com\/index.php\/wp-json\/wp\/v2\/pages\/1151\/revisions"}],"predecessor-version":[{"id":1162,"href":"https:\/\/tenisalpormayormedellin.com\/index.php\/wp-json\/wp\/v2\/pages\/1151\/revisions\/1162"}],"wp:featuredmedia":[{"embeddable":true,"href":"https:\/\/tenisalpormayormedellin.com\/index.php\/wp-json\/wp\/v2\/media\/1037"}],"wp:attachment":[{"href":"https:\/\/tenisalpormayormedellin.com\/index.php\/wp-json\/wp\/v2\/media?parent=1151"}],"curies":[{"name":"wp","href":"https:\/\/api.w.org\/{rel}","templated":true}]}}